{"id":4520,"date":"2026-03-02T10:56:40","date_gmt":"2026-03-02T15:56:40","guid":{"rendered":"https:\/\/envoletboussole.com\/ouvrir-un-milieu-familial\/"},"modified":"2026-03-02T10:56:40","modified_gmt":"2026-03-02T15:56:40","slug":"ouvrir-un-milieu-familial","status":"publish","type":"page","link":"https:\/\/envoletboussole.com\/en\/ouvrir-un-milieu-familial\/","title":{"rendered":"Ouvrir un milieu familial"},"content":{"rendered":"<div class=\"wpb-content-wrapper\"><p>[vc_row full_width=&#8221;stretch_row_content_no_spaces&#8221; css=&#8221;.vc_custom_1742492458188{margin-top: 0px !important;padding-top: 0px !important;background-color: #3CBAC6 !important;}&#8221;][vc_column css=&#8221;.vc_custom_1738690074919{margin-top: 0px !important;margin-bottom: 0px !important;padding-top: 0px !important;padding-bottom: 0px !important;}&#8221;]\n\t\t\t\t<p class=\"rs-p-wp-fix\"><\/p>\n\t\t\t\t<sr7-module data-alias=\"slider-amf-1\" data-id=\"31\" id=\"SR7_31_1\" class=\"rs-ov-hidden\" data-version=\"6.7.23\">\n\t\t\t\t\t<sr7-adjuster><\/sr7-adjuster>\n\t\t\t\t\t<sr7-content>\n\t\t\t\t\t\t<sr7-slide class=\"rev_home3_class\" id=\"SR7_31_1-61\" data-key=\"61\">\n\t\t\t\t\t\t\t<sr7-txt id=\"SR7_31_1-61-3\" class=\"sr7-layer\">Ouvrir un milieu familial<\/sr7-txt>\n\t\t\t\t\t\t<\/sr7-slide>\n\t\t\t\t\t\t<sr7-slide id=\"SR7_31_1-62\" data-key=\"62\">\n\t\t\t\t\t\t<\/sr7-slide>\n\t\t\t\t\t<\/sr7-content>\n\t\t\t\t\t<image_lists style=\"display:none\">\n\t\t\t\t\t\t<img data-src=\"\/\/envoletboussole.com\/wp-content\/uploads\/2025\/01\/texture_03_rose.png\" data-libid=\"1781\" data-lib=\"medialibrary\" width=\"0\" height=\"0\" data-dbsrc=\"Ly9lbnZvbGV0Ym91c3NvbGUuY29tL3dwLWNvbnRlbnQvdXBsb2Fkcy8yMDI1LzAxL3RleHR1cmVfMDNfcm9zZS5wbmc=\"\/>\n\t\t\t\t\t\t<img data-src=\"\/\/envoletboussole.com\/wp-content\/uploads\/2025\/02\/texture_09.png\" data-libid=\"2435\" data-lib=\"medialibrary\" width=\"0\" height=\"0\" data-dbsrc=\"Ly9lbnZvbGV0Ym91c3NvbGUuY29tL3dwLWNvbnRlbnQvdXBsb2Fkcy8yMDI1LzAyL3RleHR1cmVfMDkucG5n\"\/>\n\t\t\t\t\t\t<img data-src=\"\/\/envoletboussole.com\/wp-content\/uploads\/2025\/02\/texture_11.png\" data-libid=\"2499\" data-lib=\"medialibrary\" width=\"0\" height=\"0\" data-dbsrc=\"Ly9lbnZvbGV0Ym91c3NvbGUuY29tL3dwLWNvbnRlbnQvdXBsb2Fkcy8yMDI1LzAyL3RleHR1cmVfMTEucG5n\"\/>\n\t\t\t\t\t\t<img data-src=\"\/\/envoletboussole.com\/wp-content\/uploads\/2025\/01\/texture_10.png\" data-libid=\"2091\" data-lib=\"medialibrary\" width=\"0\" height=\"0\" data-dbsrc=\"Ly9lbnZvbGV0Ym91c3NvbGUuY29tL3dwLWNvbnRlbnQvdXBsb2Fkcy8yMDI1LzAxL3RleHR1cmVfMTAucG5n\"\/>\n\t\t\t\t\t<\/image_lists>\n\t\t\t\t<\/sr7-module>\n\t\t\t\t<script>\n\t\t\t\t\tSR7.PMH ??={}; SR7.PMH[\"SR7_31_1\"] = {cn:100,state:false,fn: function() { if (_tpt!==undefined && _tpt.prepareModuleHeight !== undefined) {  _tpt.prepareModuleHeight({id:\"SR7_31_1\",el:[400,400,400,400,260],type:'hero',shdw:'0',gh:[400,400,400,400,260],gw:[1240,1240,1100,778,480],vpt:['-100px&#039;,&#039;-100px&#039;,&#039;-100px&#039;,&#039;-100px&#039;,&#039;-100px'],size:{fullWidth:true, fullHeight:false},mh:'0',onh:0,onw:0,bg:{color:'{\"orig\":\"transparent\",\"type\":\"solid\",\"string\":\"transparent\"}'}});   SR7.PMH[\"SR7_31_1\"].state=true;} else if(SR7.PMH[\"SR7_31_1\"].cn-->0)\tsetTimeout( SR7.PMH[\"SR7_31_1\"].fn,19);}};SR7.PMH[\"SR7_31_1\" ].fn();\n\t\t\t\t<\/script>\n[\/vc_column][\/vc_row][vc_row full_width=&#8221;stretch_row_content&#8221; gap=&#8221;20&#8243; content_placement=&#8221;middle&#8221; css=&#8221;.vc_custom_1746808260400{padding-bottom: 80px !important;background-color: #CBE7E8 !important;background-position: 0 0 !important;background-repeat: no-repeat !important;}&#8221;][vc_column width=&#8221;1\/12&#8243; css=&#8221;.vc_custom_1741956787801{margin-bottom: 0px !important;padding-bottom: 0px !important;background-position: 0 0 !important;background-repeat: no-repeat !important;}&#8221; offset=&#8221;vc_col-lg-1 vc_col-md-1 vc_hidden-sm vc_col-xs-2 vc_hidden-xs&#8221;][\/vc_column][vc_column css=&#8221;.vc_custom_1742494294006{margin-bottom: 0px !important;padding-bottom: 0px !important;}&#8221; offset=&#8221;vc_col-lg-5 vc_col-md-10 vc_col-xs-12&#8243;][vc_single_image image=&#8221;3765&#8243; img_size=&#8221;full&#8221; css=&#8221;&#8221;][\/vc_column][vc_column offset=&#8221;vc_col-lg-5 vc_col-md-10 vc_col-xs-12&#8243;][vc_column_text css=&#8221;.vc_custom_1777565900600{margin-bottom: 0px !important;}&#8221;]<\/p>\n<h4>Avec l\u2019agence Envol &amp; boussole, nous simplifions le processus pour vous permettre d\u2019ouvrir et d\u2019exploiter votre propre milieu familial agr\u00e9\u00e9 en Alberta. Notre accompagnement personnalis\u00e9 comprend un processus clair, \u00e9tape par \u00e9tape \u2014 des premiers formulaires \u00e0 remplir \u00e0 l&#8217;accueil des enfants dans votre milieu familial.<\/h4>\n<p>Nous offrons un soutien continu gr\u00e2ce \u00e0 des infolettres, des outils de communication simples \u00e0 utiliser et l\u2019acc\u00e8s \u00e0 des ressources communautaires pr\u00e9cieuses favorisant des services inclusifs et de grande qualit\u00e9. Avec notre \u00e9quipe \u00e0 vos c\u00f4t\u00e9s, vous aurez la confiance, les connaissances et les ressources n\u00e9cessaires pour cr\u00e9er un environnement s\u00e9curitaire et enrichissant pour les enfants.[\/vc_column_text][\/vc_column][vc_column width=&#8221;1\/12&#8243; offset=&#8221;vc_col-lg-1 vc_col-md-1 vc_hidden-sm vc_hidden-xs&#8221;][\/vc_column][\/vc_row][vc_row full_width=&#8221;stretch_row_content&#8221; content_placement=&#8221;middle&#8221; css=&#8221;.vc_custom_1747056521022{background-color: #E6F3F4 !important;}&#8221; bp_css_tablet=&#8221;.vc_custom_1747056521022{padding-top: 80px !important;padding-bottom: 80px !important;}&#8221; bp_css_mobile=&#8221;.vc_custom_1747056521023{padding-top: 0px !important;padding-bottom: 0px !important;}&#8221;][vc_column width=&#8221;1\/12&#8243; offset=&#8221;vc_col-lg-1 vc_col-md-1 vc_hidden-md vc_hidden-sm vc_hidden-xs&#8221;][\/vc_column][vc_column css_animation=&#8221;fadeIn&#8221; offset=&#8221;vc_col-lg-5 vc_col-md-6 vc_col-xs-12&#8243;][vc_column_text css=&#8221;.vc_custom_1775153916307{margin-bottom: 0px !important;padding-bottom: 0px !important;}&#8221;]<\/p>\n<h2 class=\"custom-h2\">Pourquoi choisir notre agence pour ouvrir votre milieu familial?<\/h2>\n<ul>\n<li><strong>Accompagnement personnalis\u00e9, soutien p\u00e9dagogique et administratif<\/strong> tout au long de l\u2019ouverture de votre milieu familial<\/li>\n<li><strong>Encadrement des modalit\u00e9s de paiement<\/strong> avec les familles<\/li>\n<li><strong>Supervision r\u00e9guli\u00e8re et visites de conformit\u00e9<\/strong> pour r\u00e9pondre aux normes du minist\u00e8re<\/li>\n<li><strong>Formation continue et accompagnement professionnel<\/strong> pour assurer la qualit\u00e9 du milieu familial<\/li>\n<\/ul>\n<p>[\/vc_column_text][\/vc_column][vc_column css_animation=&#8221;fadeInRight&#8221; offset=&#8221;vc_col-lg-6 vc_col-md-6 vc_col-xs-12&#8243;]\n<div class=\"bp-element bp-element-images-slide  coach-life-layout-1  \"   >\n    \n<div class=\"wrap-element\">\n    <div class=\"slide-image js-call-slick-images dot-has-process\" data-speedslide=\"900\" data-numofshow=\"1\" data-numofscroll=\"1\" data-loopslide=\"1\" data-autoscroll=\"1\" data-speedauto=\"5000\" data-responsive=\"[1, 1], [1, 1], [1, 1], [1, 1], [1, 1]\" data-customdot=\"1\">\n\n        <div class=\"slide-slick\" data-slick='{\"pauseOnHover\": false}'>\n                            <div class=\"item-slick\" data-thumb=\"1\">\n                    <img loading=\"lazy\" decoding=\"async\" src=\"https:\/\/envoletboussole.com\/wp-content\/uploads\/2025\/03\/Programme-Petite-Enfance.png\" width=\"800\" height=\"542\" alt=\"Image\">                <\/div>\n                            <div class=\"item-slick\" data-thumb=\"2\">\n                    <img loading=\"lazy\" decoding=\"async\" src=\"https:\/\/envoletboussole.com\/wp-content\/uploads\/2025\/05\/Programme-Petite-Enfance_06.png\" width=\"800\" height=\"542\" alt=\"Image\">                <\/div>\n                            <div class=\"item-slick\" data-thumb=\"3\">\n                    <img loading=\"lazy\" decoding=\"async\" src=\"https:\/\/envoletboussole.com\/wp-content\/uploads\/2025\/05\/Programme-Petite-Enfance_04.png\" width=\"800\" height=\"542\" alt=\"Image\">                <\/div>\n                    <\/div>\n\n        <div class=\"wrap-arrow-slick\">\n            <div class=\"arow-slick prev-slick\">\n                <i class=\"ion ion-ios-arrow-thin-left\"><\/i>\n            <\/div>\n\n            <div class=\"arow-slick next-slick\">\n                <i class=\"ion ion-ios-arrow-thin-right\"><\/i>\n            <\/div>\n        <\/div>\n\n        <div class=\"wrap-dot-slick\"><\/div>\n    <\/div>\n<\/div>\n<\/div>[\/vc_column][\/vc_row][vc_row full_width=&#8221;stretch_row_content&#8221; css=&#8221;.vc_custom_1747056677121{padding-top: 80px !important;padding-bottom: 80px !important;background-color: #E6F3F4 !important;}&#8221; bp_css_tablet=&#8221;.vc_custom_1747056677121{padding-top: 0px !important;padding-bottom: 0px !important;}&#8221; bp_css_mobile=&#8221;.vc_custom_1747056677121{padding-top: 0px !important;padding-bottom: 0px !important;}&#8221;][vc_column css_animation=&#8221;none&#8221; width=&#8221;1\/12&#8243; offset=&#8221;vc_col-lg-1 vc_col-md-1 vc_hidden-sm vc_hidden-xs&#8221;][\/vc_column][vc_column offset=&#8221;vc_col-lg-10 vc_col-md-10 vc_col-xs-12&#8243;][vc_column_text css=&#8221;&#8221;]<\/p>\n<h3>Rejoignez notre agence d\u00e8s aujourd\u2019hui et laissez-nous vous aider \u00e0 transformer votre passion pour la petite enfance en une carri\u00e8re enrichissante et valorisante.<\/h3>\n<p>[\/vc_column_text][vc_toggle title=&#8221;Nos coordonn\u00e9es&#8221; css=&#8221;&#8221;]Tel\u00a0: <a href=\"tel:4033004147\">403-300-4147<\/a><br \/>\nCourriel : <a href=\"mailto:amf@envoletboussole.com\">amf@envoletboussole.com<\/a>[\/vc_toggle][vc_toggle title=&#8221;Formulaire d&#8217;application&#8221; css=&#8221;&#8221; el_id=&#8221;formulaire-mf&#8221; el_class=&#8221;form-col&#8221;]<strong>Devenir \u00e9ducateur\u00b7rice en milieu familial<\/strong><br \/>\n<p class=\"wpcf7-contact-form-not-found\"><strong>Error:<\/strong> Contact form not found.<\/p>[\/vc_toggle][\/vc_column][vc_column width=&#8221;1\/12&#8243; offset=&#8221;vc_col-lg-1 vc_col-md-1 vc_hidden-sm vc_hidden-xs&#8221;][\/vc_column][\/vc_row][vc_row full_width=&#8221;stretch_row&#8221; gap=&#8221;20&#8243; css=&#8221;.vc_custom_1747056703085{margin-top: 0px !important;padding-top: 0px !important;padding-bottom: 120px !important;background-color: #E6F3F4 !important;background-position: 0 0 !important;background-repeat: no-repeat !important;}&#8221; bp_css_tablet=&#8221;.vc_custom_1747056703085{padding-bottom: 40px !important;}&#8221; bp_css_mobile=&#8221;.vc_custom_1747056703086{padding-bottom: 40px !important;}&#8221;][vc_column css=&#8221;.vc_custom_1741957372396{margin-top: 40px !important;padding-top: 0px !important;background-position: 0 0 !important;background-repeat: no-repeat !important;}&#8221;][vc_single_image image=&#8221;1530&#8243; img_size=&#8221;large&#8221; alignment=&#8221;right&#8221; css=&#8221;.vc_custom_1738113287908{margin-top: 0px !important;margin-bottom: 40px !important;padding-top: 0px !important;background-position: 0 0 !important;background-repeat: no-repeat !important;}&#8221;][\/vc_column][\/vc_row][vc_row full_width=&#8221;stretch_row_content&#8221; gap=&#8221;20&#8243; content_placement=&#8221;middle&#8221; parallax=&#8221;content-moving&#8221; parallax_image=&#8221;3013&#8243; css_animation=&#8221;none&#8221; css=&#8221;.vc_custom_1772470629444{margin-top: 0px !important;padding-top: 120px !important;padding-bottom: 120px !important;background-color: #3CBAC6 !important;}&#8221; bp_css_tablet=&#8221;.vc_custom_1772470629445{padding-top: 80px !important;padding-bottom: 80px !important;}&#8221; bp_css_mobile=&#8221;.vc_custom_1772470629445{padding-top: 0px !important;padding-bottom: 0px !important;}&#8221;][vc_column width=&#8221;1\/6&#8243; css=&#8221;.vc_custom_1747056740911{margin-top: 200px !important;}&#8221; offset=&#8221;vc_hidden-xs&#8221;][vc_single_image image=&#8221;1808&#8243; img_size=&#8221;medium&#8221; css_animation=&#8221;fadeIn&#8221; css=&#8221;.vc_custom_1738175159714{margin-top: -200px !important;margin-bottom: 0px !important;padding-top: 0px !important;padding-bottom: 0px !important;}&#8221;][\/vc_column][vc_column css_animation=&#8221;fadeIn&#8221; width=&#8221;2\/3&#8243; offset=&#8221;vc_col-xs-12&#8243;][vc_column_text css_animation=&#8221;fadeInUp&#8221; css=&#8221;&#8221;]<\/p>\n<h3 style=\"text-align: center; color: #cbe7e8;\">Inscrivez-vous \u00e0 l&#8217;une de nos sessions d&#8217;information pour tout savoir \u00e0 propos du processus d&#8217;ouverture d&#8217;un service de garde en milieu familial.<\/h3>\n<p>[\/vc_column_text]\n<div class=\"bp-element bp-element-button  vc_custom_1772472047554 align-center  shape-round icon_alignment-left  \"   data-class-tablet=\"vc_custom_1772472047554\" data-class-mobile=\"vc_custom_1772472047554\">\n\t\n        <a class=\"btn btn-primary bp-element-hover  btn-lg \" href=\"https:\/\/forms.office.com\/r\/RiNYMdk6Rt\" style=\" color: #FFFFFF; background-color: #EF7A8E; font-size: 25px; font-weight: 600;\" target=\"_blank\" title=\"JE M&#039;INSCRIS\" data-hover=\"color: #FFFFFF;background-color: #3CBAC6;\" rel=\"noopener\">\n\n\t\t\t\n            <span class=\"inner-text\">JE M'INSCRIS<\/span>\n        <\/a>\n\t<\/div>[\/vc_column][vc_column width=&#8221;1\/6&#8243; offset=&#8221;vc_hidden-xs&#8221;][vc_single_image image=&#8221;1781&#8243; img_size=&#8221;large&#8221; alignment=&#8221;right&#8221; css_animation=&#8221;none&#8221; css=&#8221;.vc_custom_1738167907714{margin-top: 0px !important;margin-bottom: 0px !important;padding-bottom: 20px !important;}&#8221;][\/vc_column][\/vc_row][vc_row full_width=&#8221;stretch_row_content&#8221; css_animation=&#8221;none&#8221; css=&#8221;.vc_custom_1742415432279{margin-top: 0px !important;margin-bottom: 0px !important;padding-top: 80px !important;padding-bottom: 80px !important;background-color: #E6F3F4 !important;}&#8221;][vc_column width=&#8221;1\/12&#8243; css=&#8221;.vc_custom_1742415439793{margin-top: 0px !important;padding-top: 0px !important;}&#8221; offset=&#8221;vc_col-lg-1 vc_col-md-1 vc_hidden-sm vc_hidden-xs&#8221;][\/vc_column][vc_column offset=&#8221;vc_col-lg-10 vc_col-md-10 vc_col-xs-12&#8243; css=&#8221;.vc_custom_1742486054830{padding-top: 120px !important;padding-bottom: 120px !important;background-color: #3CBAC6 !important;border-radius: 30px !important;}&#8221;][vc_row_inner][vc_column_inner width=&#8221;1\/6&#8243; offset=&#8221;vc_col-lg-2 vc_hidden-md vc_hidden-sm&#8221;][\/vc_column_inner][vc_column_inner offset=&#8221;vc_col-lg-8 vc_col-md-12&#8243;][vc_column_text css=&#8221;.vc_custom_1777566392598{margin-bottom: 20px !important;}&#8221;]<\/p>\n<h3 style=\"text-align: left;\">Liens utiles pour l&#8217;ouverture d&#8217;un milieu familial<\/h3>\n<ul>\n<li><a href=\"https:\/\/www.flightframework.ca\/resource\/framework\" target=\"blank\" rel=\"noopener\">Cadre p\u00e9dagogique Envol<\/a><\/li>\n<li><a href=\"https:\/\/open.alberta.ca\/dataset\/ae5d6de9-3a2b-4fb5-abd1-7ad4582a709d\/resource\/9ef2e6bf-b6e1-454b-abc2-9ad8765ab5d4\/download\/cs-family-day-home-standards-manual-for-alberta-2021-02.pdf\" target=\"blank\" rel=\"noopener\">Alberta Family Day Home Standards Manual<\/a><\/li>\n<li><a href=\"https:\/\/open.alberta.ca\/dataset\/20991681-c41a-40c4-a870-9d6c8e1dd0f1\/resource\/12cfebe3-d81e-403d-a25f-91603e5fe7ed\/download\/ecc-child-care-licensing-handbook-family-day-home-agencies-2025-09.pdf\" target=\"blank\" rel=\"noopener\">Child care licensing handbook: Family day home agencies<\/a><\/li>\n<li><a href=\"https:\/\/cccf-fcsge.ca\/\" target=\"blank\" rel=\"noopener\">Canadian Child Care Federation<\/a><\/li>\n<li><a href=\"https:\/\/applychildcarecertification.alberta.ca\/\" target=\"blank\" rel=\"noopener\">Alberta Child care staff certification<\/a><\/li>\n<\/ul>\n<p>[\/vc_column_text][\/vc_column_inner][vc_column_inner width=&#8221;1\/6&#8243; offset=&#8221;vc_col-lg-2 vc_hidden-md vc_hidden-sm&#8221;][\/vc_column_inner][\/vc_row_inner][\/vc_column][vc_column width=&#8221;1\/12&#8243; offset=&#8221;vc_col-lg-1 vc_col-md-1 vc_hidden-sm vc_hidden-xs&#8221;][\/vc_column][\/vc_row]<\/p>\n<\/div>","protected":false},"excerpt":{"rendered":"<p>[vc_row full_width=&#8221;stretch_row_content_no_spaces&#8221; css=&#8221;.vc_custom_1742492458188{margin-top: 0px !important;padding-top: 0px !important;background-color: #3CBAC6 !important;}&#8221;][vc_column css=&#8221;.vc_custom_1738690074919{margin-top: 0px !important;margin-bottom: 0px !important;padding-top: 0px !important;padding-bottom: 0px !important;}&#8221;][\/vc_column][\/vc_row][vc_row full_width=&#8221;stretch_row_content&#8221; gap=&#8221;20&#8243;&#8230;<\/p>\n","protected":false},"author":4,"featured_media":0,"parent":0,"menu_order":0,"comment_status":"closed","ping_status":"closed","template":"","meta":{"inline_featured_image":false,"footnotes":""},"class_list":["post-4520","page","type-page","status-publish","hentry"],"_links":{"self":[{"href":"https:\/\/envoletboussole.com\/en\/wp-json\/wp\/v2\/pages\/4520","targetHints":{"allow":["GET"]}}],"collection":[{"href":"https:\/\/envoletboussole.com\/en\/wp-json\/wp\/v2\/pages"}],"about":[{"href":"https:\/\/envoletboussole.com\/en\/wp-json\/wp\/v2\/types\/page"}],"author":[{"embeddable":true,"href":"https:\/\/envoletboussole.com\/en\/wp-json\/wp\/v2\/users\/4"}],"replies":[{"embeddable":true,"href":"https:\/\/envoletboussole.com\/en\/wp-json\/wp\/v2\/comments?post=4520"}],"version-history":[{"count":0,"href":"https:\/\/envoletboussole.com\/en\/wp-json\/wp\/v2\/pages\/4520\/revisions"}],"wp:attachment":[{"href":"https:\/\/envoletboussole.com\/en\/wp-json\/wp\/v2\/media?parent=4520"}],"curies":[{"name":"wp","href":"https:\/\/api.w.org\/{rel}","templated":true}]}}