{"id":4152,"date":"2025-03-17T14:26:56","date_gmt":"2025-03-17T18:26:56","guid":{"rendered":"https:\/\/envoletboussole.com\/carrieres\/"},"modified":"2025-10-27T12:53:00","modified_gmt":"2025-10-27T16:53:00","slug":"careers","status":"publish","type":"page","link":"https:\/\/envoletboussole.com\/en\/careers\/","title":{"rendered":"Careers"},"content":{"rendered":"<div class=\"wpb-content-wrapper\"><p>[vc_row][vc_column]\n\t\t\t\t<p class=\"rs-p-wp-fix\"><\/p>\n\t\t\t\t<sr7-module data-alias=\"slider-carrieres-1\" data-id=\"19\" id=\"SR7_19_1\" class=\"rs-ov-hidden\" data-version=\"6.7.23\">\n\t\t\t\t\t<sr7-adjuster><\/sr7-adjuster>\n\t\t\t\t\t<sr7-content>\n\t\t\t\t\t\t<sr7-slide class=\"rev_home3_class\" id=\"SR7_19_1-37\" data-key=\"37\">\n\t\t\t\t\t\t\t<sr7-txt id=\"SR7_19_1-37-3\" class=\"sr7-layer\">Career Opportunities<\/sr7-txt>\n\t\t\t\t\t\t<\/sr7-slide>\n\t\t\t\t\t\t<sr7-slide id=\"SR7_19_1-38\" data-key=\"38\">\n\t\t\t\t\t\t<\/sr7-slide>\n\t\t\t\t\t<\/sr7-content>\n\t\t\t\t\t<image_lists style=\"display:none\">\n\t\t\t\t\t\t<img data-src=\"\/\/envoletboussole.com\/wp-content\/uploads\/2025\/02\/texture_01.png\" data-libid=\"2425\" data-lib=\"medialibrary\" width=\"0\" height=\"0\" data-dbsrc=\"Ly9lbnZvbGV0Ym91c3NvbGUuY29tL3dwLWNvbnRlbnQvdXBsb2Fkcy8yMDI1LzAyL3RleHR1cmVfMDEucG5n\"\/>\n\t\t\t\t\t\t<img data-src=\"\/\/envoletboussole.com\/wp-content\/uploads\/2025\/03\/pt_01.png\" data-libid=\"3277\" data-lib=\"medialibrary\" width=\"0\" height=\"0\" data-dbsrc=\"Ly9lbnZvbGV0Ym91c3NvbGUuY29tL3dwLWNvbnRlbnQvdXBsb2Fkcy8yMDI1LzAzL3B0XzAxLnBuZw==\"\/>\n\t\t\t\t\t\t<img data-src=\"\/\/envoletboussole.com\/wp-content\/uploads\/2025\/02\/texture_10.png\" data-libid=\"2439\" data-lib=\"medialibrary\" width=\"0\" height=\"0\" data-dbsrc=\"Ly9lbnZvbGV0Ym91c3NvbGUuY29tL3dwLWNvbnRlbnQvdXBsb2Fkcy8yMDI1LzAyL3RleHR1cmVfMTAucG5n\"\/>\n\t\t\t\t\t<\/image_lists>\n\t\t\t\t<\/sr7-module>\n\t\t\t\t<script>\n\t\t\t\t\tSR7.PMH ??={}; SR7.PMH[\"SR7_19_1\"] = {cn:100,state:false,fn: function() { if (_tpt!==undefined && _tpt.prepareModuleHeight !== undefined) {  _tpt.prepareModuleHeight({id:\"SR7_19_1\",el:[400,400,400,400,200],type:'hero',shdw:'0',gh:[400,400,400,400,200],gw:[1240,1240,1100,778,480],vpt:['-100px&#039;,&#039;-100px&#039;,&#039;-100px&#039;,&#039;-100px&#039;,&#039;-100px'],size:{fullWidth:true, fullHeight:false},mh:'0',onh:0,onw:0,bg:{color:'{\"orig\":\"transparent\",\"type\":\"solid\",\"string\":\"transparent\"}'}});   SR7.PMH[\"SR7_19_1\"].state=true;} else if(SR7.PMH[\"SR7_19_1\"].cn-->0)\tsetTimeout( SR7.PMH[\"SR7_19_1\"].fn,19);}};SR7.PMH[\"SR7_19_1\" ].fn();\n\t\t\t\t<\/script>\n[\/vc_column][\/vc_row][vc_row full_width=&#8221;stretch_row_content&#8221; content_placement=&#8221;middle&#8221; css=&#8221;.vc_custom_1746806004082{background-color: #FFFFFF !important;}&#8221;][vc_column width=&#8221;1\/6&#8243; offset=&#8221;vc_col-lg-2 vc_col-md-1 vc_hidden-sm vc_hidden-xs&#8221;][\/vc_column][vc_column offset=&#8221;vc_col-lg-8 vc_col-md-10 vc_col-xs-12&#8243;][vc_column_text css_animation=&#8221;fadeIn&#8221; css=&#8221;.vc_custom_1750215218201{margin-bottom: 0px !important;}&#8221;]<\/p>\n<h4>At les centres Envol &amp; Boussole, we love sharing our passion with professionals who want to make a real difference in the lives of children. By joining our team, you\u2019ll find a warm work environment where support, a family spirit, and daily happiness are valued. Together, we work to create a fulfilling environment for both the children and every member of our team.<\/h4>\n<p>[\/vc_column_text][\/vc_column][vc_column width=&#8221;1\/6&#8243; offset=&#8221;vc_col-lg-2 vc_col-md-1 vc_hidden-sm vc_hidden-xs&#8221;][\/vc_column][\/vc_row][vc_row full_width=&#8221;stretch_row_content&#8221; css=&#8221;.vc_custom_1742577864270{margin-top: 80px !important;padding-top: 80px !important;background-color: #E6F3F4 !important;}&#8221;][vc_column offset=&#8221;vc_col-lg-8 vc_col-md-offset-2 vc_col-md-10 vc_col-xs-12&#8243;][vc_column_text css_animation=&#8221;fadeIn&#8221; css=&#8221;&#8221;]<\/p>\n<h2 class=\"custom-h2\" style=\"text-align: center;\">Joining Our Team Has Its Benefits<\/h2>\n<h4 style=\"text-align: center;\">When you join the team at Envol &amp; Boussole, you&#8217;ll discover a dynamic, welcoming environment where everyone&#8217;s well-being is a priority. We offer you:<\/h4>\n<p>[\/vc_column_text][\/vc_column][\/vc_row][vc_row full_width=&#8221;stretch_row_content&#8221; css_animation=&#8221;none&#8221; css=&#8221;.vc_custom_1742569167127{background-color: #E6F3F4 !important;}&#8221;][vc_column width=&#8221;1\/12&#8243; css=&#8221;.vc_custom_1742415439793{margin-top: 0px !important;padding-top: 0px !important;}&#8221; offset=&#8221;vc_col-lg-1 vc_col-md-1 vc_hidden-sm vc_hidden-xs&#8221;][\/vc_column][vc_column css_animation=&#8221;fadeInLeft&#8221; offset=&#8221;vc_col-lg-10 vc_col-md-10 vc_col-xs-12&#8243;][vc_row_inner][vc_column_inner width=&#8221;1\/4&#8243; bp_css_mobile=&#8221;.vc_custom_1742570030212{padding-top: 80px !important;}&#8221;][vc_icon icon_fontawesome=&#8221;fas fa-spa&#8221; color=&#8221;custom&#8221; custom_color=&#8221;#006E79&#8243; size=&#8221;xl&#8221; align=&#8221;center&#8221; css=&#8221;&#8221;][vc_custom_heading text=&#8221;6 wellness days a year&#8221; font_container=&#8221;tag:h2|font_size:24px|text_align:center|color:%23006E79&#8243; use_theme_fonts=&#8221;yes&#8221; css=&#8221;&#8221;][\/vc_column_inner][vc_column_inner width=&#8221;1\/4&#8243; bp_css_mobile=&#8221;.vc_custom_1742570016141{padding-top: 80px !important;}&#8221;][vc_icon icon_fontawesome=&#8221;fas fa-clinic-medical&#8221; color=&#8221;custom&#8221; custom_color=&#8221;#006E79&#8243; size=&#8221;xl&#8221; align=&#8221;center&#8221; css=&#8221;&#8221;][vc_custom_heading text=&#8221;3 sick<br \/>\ndays&#8221; font_container=&#8221;tag:h2|font_size:24px|text_align:center|color:%23006E79&#8243; use_theme_fonts=&#8221;yes&#8221; css=&#8221;&#8221;][\/vc_column_inner][vc_column_inner width=&#8221;1\/4&#8243; bp_css_mobile=&#8221;.vc_custom_1742570011222{padding-top: 80px !important;}&#8221;][vc_icon icon_fontawesome=&#8221;fas fa-users-cog&#8221; color=&#8221;custom&#8221; custom_color=&#8221;#006E79&#8243; size=&#8221;xl&#8221; align=&#8221;center&#8221; css=&#8221;&#8221;][vc_custom_heading text=&#8221;3 professional development days&#8221; font_container=&#8221;tag:h2|font_size:24px|text_align:center|color:%23006E79&#8243; use_theme_fonts=&#8221;yes&#8221; css=&#8221;&#8221;][\/vc_column_inner][vc_column_inner width=&#8221;1\/4&#8243; bp_css_mobile=&#8221;.vc_custom_1742570005785{padding-top: 80px !important;}&#8221;][vc_icon icon_fontawesome=&#8221;fas fa-umbrella-beach&#8221; color=&#8221;custom&#8221; custom_color=&#8221;#006E79&#8243; size=&#8221;xl&#8221; align=&#8221;center&#8221; css=&#8221;&#8221;][vc_custom_heading text=&#8221;3 weeks of vacation&#8221; font_container=&#8221;tag:h2|font_size:24px|text_align:center|color:%23006E79&#8243; use_theme_fonts=&#8221;yes&#8221; css=&#8221;&#8221;][\/vc_column_inner][\/vc_row_inner][\/vc_column][vc_column width=&#8221;1\/12&#8243; offset=&#8221;vc_col-lg-1 vc_col-md-1 vc_hidden-sm vc_hidden-xs&#8221;][\/vc_column][\/vc_row][vc_row full_width=&#8221;stretch_row_content&#8221; css_animation=&#8221;none&#8221; css=&#8221;.vc_custom_1746805937663{padding-bottom: 200px !important;background-color: #E6F3F4 !important;}&#8221;][vc_column width=&#8221;1\/12&#8243; css=&#8221;.vc_custom_1742415439793{margin-top: 0px !important;padding-top: 0px !important;}&#8221; offset=&#8221;vc_col-lg-1 vc_col-md-1 vc_hidden-sm vc_hidden-xs&#8221;][\/vc_column][vc_column css_animation=&#8221;fadeInRight&#8221; offset=&#8221;vc_col-lg-10 vc_col-md-10 vc_col-xs-12&#8243; el_class=&#8221;custom-inner-advantages&#8221;][vc_row_inner][vc_column_inner width=&#8221;1\/4&#8243; bp_css_mobile=&#8221;.vc_custom_1742570247208{padding-top: 80px !important;}&#8221;][vc_icon icon_fontawesome=&#8221;fas fa-gifts&#8221; color=&#8221;custom&#8221; custom_color=&#8221;#006E79&#8243; size=&#8221;xl&#8221; align=&#8221;center&#8221; css=&#8221;&#8221;][vc_custom_heading text=&#8221;1 paid week off during the holiday season&#8221; font_container=&#8221;tag:h2|font_size:24px|text_align:center|color:%23006E79&#8243; use_theme_fonts=&#8221;yes&#8221; css=&#8221;&#8221;][\/vc_column_inner][vc_column_inner width=&#8221;1\/4&#8243; bp_css_mobile=&#8221;.vc_custom_1742569855947{padding-top: 80px !important;}&#8221;][vc_icon icon_fontawesome=&#8221;fas fa-users&#8221; color=&#8221;custom&#8221; custom_color=&#8221;#006E79&#8243; size=&#8221;xl&#8221; align=&#8221;center&#8221; css=&#8221;&#8221;][vc_custom_heading text=&#8221;Group insurance and an RRSP program&#8221; font_container=&#8221;tag:h2|font_size:24px|text_align:center|color:%23006E79&#8243; use_theme_fonts=&#8221;yes&#8221; css=&#8221;&#8221;][\/vc_column_inner][vc_column_inner width=&#8221;1\/4&#8243; bp_css_mobile=&#8221;.vc_custom_1742569861462{padding-top: 80px !important;}&#8221;][vc_icon icon_fontawesome=&#8221;fas fa-tags&#8221; color=&#8221;custom&#8221; custom_color=&#8221;#006E79&#8243; size=&#8221;xl&#8221; align=&#8221;center&#8221; css=&#8221;&#8221;][vc_custom_heading text=&#8221;A childcare discount for your children&#8221; font_container=&#8221;tag:h2|font_size:24px|text_align:center|color:%23006E79&#8243; use_theme_fonts=&#8221;yes&#8221; css=&#8221;&#8221;][\/vc_column_inner][vc_column_inner width=&#8221;1\/4&#8243; bp_css_mobile=&#8221;.vc_custom_1742569868443{padding-top: 80px !important;}&#8221;][vc_icon icon_fontawesome=&#8221;fas fa-star&#8221; color=&#8221;custom&#8221; custom_color=&#8221;#006E79&#8243; size=&#8221;xl&#8221; align=&#8221;center&#8221; css=&#8221;&#8221;][vc_custom_heading text=&#8221;The option to work 4 or 5 days a week&#8221; font_container=&#8221;tag:h2|font_size:24px|text_align:center|color:%23006E79&#8243; use_theme_fonts=&#8221;yes&#8221; css=&#8221;&#8221;][\/vc_column_inner][\/vc_row_inner][\/vc_column][vc_column width=&#8221;1\/12&#8243; offset=&#8221;vc_col-lg-1 vc_col-md-1 vc_hidden-sm vc_hidden-xs&#8221;][\/vc_column][\/vc_row][vc_row full_width=&#8221;stretch_row_content&#8221; css=&#8221;.vc_custom_1746806049554{padding-top: 120px !important;padding-bottom: 120px !important;background-color: #CBE7E8 !important;}&#8221;][vc_column width=&#8221;1\/6&#8243; offset=&#8221;vc_col-lg-2 vc_col-md-1 vc_hidden-sm vc_hidden-xs&#8221;][\/vc_column][vc_column offset=&#8221;vc_col-lg-8 vc_col-md-10 vc_col-xs-12&#8243;][vc_column_text css=&#8221;&#8221;]<\/p>\n<h2 class=\"custom-h2\">Positions Available<\/h2>\n<h4>Several positions are currently available at les centres Envol &amp; Boussole.<\/h4>\n<p>[\/vc_column_text][vc_toggle title=&#8221;Agent de soutien p\u00e9dagogique&#8221; style=&#8221;round&#8221; css_animation=&#8221;fadeInDown&#8221; css=&#8221;&#8221;]<\/p>\n<p class=\"p1\"><strong>Description de l\u2019emploi :<\/strong><\/p>\n<ul>\n<li>Accompagner les \u00e9ducatrices dans la mise en place et l\u2019application de l\u2019approche p\u00e9dagogique Envol;<\/li>\n<li>Accompagner les \u00e9ducatrices dans l\u2019application du programme en construction identitaire;<\/li>\n<li>Accompagner les \u00e9ducatrices dans l\u2019application des lois et des r\u00e8glements applicables aux programmes de petite enfance;<\/li>\n<li>Accompagner les \u00e9ducatrices dans l\u2019application des normes d\u2019op\u00e9ration de La Soci\u00e9t\u00e9;<\/li>\n<li>R\u00e9diger des articles p\u00e9dagogiques pour les \u00e9ducatrices et les familles; \u2022 Cr\u00e9er des outils p\u00e9dagogiques;<\/li>\n<li>Participer aux rencontres de discussions p\u00e9dagogiques;<\/li>\n<li>\u00c9laborer des projets visant \u00e0 soutenir la qualit\u00e9 des services;<\/li>\n<li>\u00c9tablir avec les familles des partenariats fond\u00e9s sur la collaboration;<\/li>\n<li>Travailler en collaboration avec les diff\u00e9rents organismes offrant des ressources;<\/li>\n<li>Ex\u00e9cuter toutes les autres t\u00e2ches connexes.<\/li>\n<\/ul>\n<p><strong>Exigences, connaissances et qualit\u00e9s recherch\u00e9es :<\/strong><\/p>\n<ul>\n<li>D\u00e9tenir une preuve de v\u00e9rification d\u2019absence d\u2019emp\u00eachement;<\/li>\n<li>D\u00e9tenir un dipl\u00f4me en \u00e9ducation de la petite enfance ou dans un domaine connexe;<\/li>\n<li>D\u00e9tenir le certificat de l\u2019approche p\u00e9dagogique Envol;<\/li>\n<li>Poss\u00e9der au minimum 3 ans d\u2019exp\u00e9rience dans un centre de petite enfance;<\/li>\n<li>Poss\u00e9der d\u2019excellente capacit\u00e9 \u00e0 \u00e9tablir des liens de collaboration;<\/li>\n<li>Bonne capacit\u00e9 \u00e0 s\u2019adapter rapidement aux changements;<\/li>\n<li>Faire preuve de jugement, d\u2019initiative, d\u2019autonomie et de discr\u00e9tion;<\/li>\n<li>Bonnes aptitudes pour la prise de d\u00e9cision et le sens des responsabilit\u00e9s;<\/li>\n<li>Excellente connaissance de la langue fran\u00e7aise, parl\u00e9e et \u00e9crite;<\/li>\n<li>Adh\u00e9sion aux principes d\u2019\u00e9thique professionnelle, \u00e0 la philosophie de gestion de la Soci\u00e9t\u00e9 et aux valeurs organisationnelles;<\/li>\n<li>Respect des r\u00e8gles de confidentialit\u00e9 de la Soci\u00e9t\u00e9.<\/li>\n<\/ul>\n<p>&nbsp;<\/p>\n<p><a class=\"custom-btn\" href=\"#postuler\">Postuler<\/a>[\/vc_toggle][vc_toggle title=&#8221;\u00c9ducation sp\u00e9cialis\u00e9e&#8221; style=&#8221;round&#8221; css_animation=&#8221;fadeInDown&#8221; css=&#8221;&#8221;]<\/p>\n<p class=\"p1\"><strong>Description de l\u2019emploi :<\/strong><\/p>\n<ul>\n<li>Accompagner sp\u00e9cifiquement les enfants ayants des besoins particuliers ou les enfants pr\u00e9sentant d\u2019importantes difficult\u00e9s d\u2019int\u00e9gration;<\/li>\n<li>Favoriser le d\u00e9veloppement global des enfants;<\/li>\n<li>Favoriser l\u2019int\u00e9gration des enfants dans le groupe;<\/li>\n<li>Encadrer les comportements des enfants;<\/li>\n<li>\u00c9laborer, mettre en \u0153uvre et r\u00e9viser les plans de soutien;<\/li>\n<li>Cr\u00e9er des outils p\u00e9dagogiques d\u2019int\u00e9gration et d\u2019accompagnement;<\/li>\n<li>\u00c9tablir avec les familles des partenariats fond\u00e9s sur la collaboration;<\/li>\n<li>Travailler en collaboration avec les diff\u00e9rents organismes offrant des ressources;<\/li>\n<li>Ex\u00e9cuter toutes les autres t\u00e2ches connexes.<\/li>\n<\/ul>\n<p><strong>Exigences, connaissances et qualit\u00e9s recherch\u00e9es :<\/strong><\/p>\n<ul>\n<li>D\u00e9tenir une preuve de v\u00e9rification d\u2019absence d\u2019emp\u00eachement;<\/li>\n<li>D\u00e9tenir un dipl\u00f4me en \u00e9ducation sp\u00e9cialis\u00e9e ou dans un domaine connexe;<\/li>\n<li>Poss\u00e9der au minimum 3 ans d\u2019exp\u00e9rience aupr\u00e8s des enfants;<\/li>\n<li>Poss\u00e9der une excellente capacit\u00e9 \u00e0 \u00e9tablir des liens de collaboration;<\/li>\n<li>Bonne capacit\u00e9 \u00e0 s\u2019adapter rapidement aux changements;<\/li>\n<li>Faire preuve de jugement, d\u2019initiative, d\u2019autonomie et de discr\u00e9tion;<\/li>\n<li>Bonnes aptitudes pour la prise de d\u00e9cision et le sens des responsabilit\u00e9s;<\/li>\n<li>Excellente connaissance de la langue fran\u00e7aise, parl\u00e9e et \u00e9crite;<\/li>\n<li>Adh\u00e9sion aux principes d\u2019\u00e9thique professionnelle, \u00e0 la philosophie de gestion de la Soci\u00e9t\u00e9 et aux valeurs organisationnelles;<\/li>\n<li>Respect des r\u00e8gles de confidentialit\u00e9 de la Soci\u00e9t\u00e9.<\/li>\n<\/ul>\n<p>&nbsp;<\/p>\n<p><a class=\"custom-btn\" href=\"#postuler\">Postuler<\/a>[\/vc_toggle][vc_toggle title=&#8221;\u00c9ducation \u00e0 la petite enfance&#8221; style=&#8221;round&#8221; css_animation=&#8221;fadeInDown&#8221; css=&#8221;&#8221;]<\/p>\n<p class=\"p1\"><strong>Description de l\u2019emploi :<\/strong><\/p>\n<ul>\n<li>Favoriser le d\u00e9veloppement global de tous les enfants;<\/li>\n<li>Encadrer le comportement des enfants;<\/li>\n<li>\u00c9laborer, mettre en \u0153uvre et \u00e9valuer le programme;<\/li>\n<li>R\u00e9pondre aux besoins en mati\u00e8re de sant\u00e9, de bien\u00eatre et de s\u00e9curit\u00e9;<\/li>\n<li>Am\u00e9nager et maintenir un environnement s\u00e9curitaire;<\/li>\n<li>\u00c9tablir avec les familles des partenariats fond\u00e9s sur la collaboration;<\/li>\n<li>Recourir aux ressources de la collectivit\u00e9;<\/li>\n<li>Soutenir les int\u00e9r\u00eats des enfants et des familles;<\/li>\n<li>Offrir un environnement inclusif;<\/li>\n<li>Ex\u00e9cuter toutes les autres t\u00e2ches connexes.<\/li>\n<\/ul>\n<p><strong>Exigences, connaissances et qualit\u00e9s recherch\u00e9es :<\/strong><\/p>\n<ul>\n<li>D\u00e9tenir une preuve de v\u00e9rification d\u2019absence d\u2019emp\u00eachement;<\/li>\n<li>D\u00e9tenir un dipl\u00f4me en \u00e9ducation de la petite enfance ou dans un domaine connexe;<\/li>\n<li>D\u00e9tenir le certificat de l\u2019approche p\u00e9dagogique Envol;<\/li>\n<li>Poss\u00e9der au minimum 1 an d\u2019exp\u00e9rience dans un centre de petite enfance;<\/li>\n<li>Poss\u00e9der d\u2019excellente capacit\u00e9 \u00e0 \u00e9tablir des liens de collaboration;<\/li>\n<li>Bonne capacit\u00e9 \u00e0 s\u2019adapter rapidement aux changements;<\/li>\n<li>Faire preuve de jugement, d\u2019initiative, d\u2019autonomie et de discr\u00e9tion;<\/li>\n<li>Bonnes aptitudes pour la prise de d\u00e9cision et le sens des responsabilit\u00e9s;<\/li>\n<li>Excellente connaissance de la langue fran\u00e7aise, parl\u00e9e et \u00e9crite;<\/li>\n<li>Adh\u00e9sion aux principes d\u2019\u00e9thique professionnelle, \u00e0 la philosophie de gestion de la Soci\u00e9t\u00e9 et aux valeurs organisationnelles;<\/li>\n<li>Respect des r\u00e8gles de confidentialit\u00e9 de la Soci\u00e9t\u00e9.<\/li>\n<\/ul>\n<p>&nbsp;<\/p>\n<p><a class=\"custom-btn\" href=\"#postuler\">Postuler<\/a>[\/vc_toggle][\/vc_column][vc_column width=&#8221;1\/6&#8243; offset=&#8221;vc_col-lg-2 vc_col-md-1 vc_hidden-sm vc_hidden-xs&#8221;][\/vc_column][\/vc_row][vc_row full_width=&#8221;stretch_row_content&#8221; css=&#8221;.vc_custom_1761583975857{padding-top: 120px !important;padding-bottom: 120px !important;background-color: #E6F3F4 !important;}&#8221; el_id=&#8221;postuler&#8221;][vc_column width=&#8221;1\/6&#8243; offset=&#8221;vc_col-lg-2 vc_col-md-1 vc_hidden-sm vc_hidden-xs&#8221;][\/vc_column][vc_column offset=&#8221;vc_col-lg-8 vc_col-md-10 vc_col-xs-12&#8243; css=&#8221;.vc_custom_1742577929520{padding-right: 40px !important;padding-bottom: 80px !important;padding-left: 40px !important;background-color: #FFFFFF !important;border-radius: 20px !important;}&#8221;][vc_column_text css_animation=&#8221;none&#8221; css=&#8221;&#8221;]<\/p>\n<h2 class=\"custom-h2\" style=\"text-align: center;\">Send my application<\/h2>\n<p style=\"text-align: center;\">Les centres Envol &amp; Boussole are always looking for on-call and part-time educators.<\/p>\n<h4 style=\"text-align: center;\">Send us your application!<\/h4>\n<p>[\/vc_column_text]\n<div class=\"wpcf7 no-js\" id=\"wpcf7-f4175-o1\" lang=\"en-US\" dir=\"ltr\" data-wpcf7-id=\"4175\">\n<div class=\"screen-reader-response\"><p role=\"status\" aria-live=\"polite\" aria-atomic=\"true\"><\/p> <ul><\/ul><\/div>\n<form action=\"\/en\/wp-json\/wp\/v2\/pages\/4152#wpcf7-f4175-o1\" method=\"post\" class=\"wpcf7-form init\" aria-label=\"Contact form\" novalidate=\"novalidate\" data-status=\"init\">\n<fieldset class=\"hidden-fields-container\"><input type=\"hidden\" name=\"_wpcf7\" value=\"4175\" \/><input type=\"hidden\" name=\"_wpcf7_version\" value=\"6.1.4\" \/><input type=\"hidden\" name=\"_wpcf7_locale\" value=\"en_US\" \/><input type=\"hidden\" name=\"_wpcf7_unit_tag\" value=\"wpcf7-f4175-o1\" \/><input type=\"hidden\" name=\"_wpcf7_container_post\" value=\"0\" \/><input type=\"hidden\" name=\"_wpcf7_posted_data_hash\" value=\"\" \/><input type=\"hidden\" name=\"_wpcf7cf_hidden_group_fields\" value=\"[]\" \/><input type=\"hidden\" name=\"_wpcf7cf_hidden_groups\" value=\"[]\" \/><input type=\"hidden\" name=\"_wpcf7cf_visible_groups\" value=\"[]\" \/><input type=\"hidden\" name=\"_wpcf7cf_repeaters\" value=\"[]\" \/><input type=\"hidden\" name=\"_wpcf7cf_steps\" value=\"{}\" \/><input type=\"hidden\" name=\"_wpcf7cf_options\" value=\"{&quot;form_id&quot;:4175,&quot;conditions&quot;:[],&quot;settings&quot;:{&quot;animation&quot;:&quot;yes&quot;,&quot;animation_intime&quot;:200,&quot;animation_outtime&quot;:200,&quot;conditions_ui&quot;:&quot;normal&quot;,&quot;notice_dismissed&quot;:false}}\" \/><input type=\"hidden\" name=\"_wpcf7_recaptcha_response\" value=\"\" \/>\n<\/fieldset>\n<div class=\"contact-form-3\">\n    <label class=\"wrap-input half-width\">\n        <span class=\"wpcf7-form-control-wrap\" data-name=\"firstname\"><input size=\"40\" maxlength=\"400\" class=\"wpcf7-form-control wpcf7-text wpcf7-validates-as-required input-field\" aria-required=\"true\" aria-invalid=\"false\" placeholder=\"Firstname\" value=\"\" type=\"text\" name=\"firstname\" \/><\/span>\n    <\/label>\n    <label class=\"wrap-input half-width\">\n        <span class=\"wpcf7-form-control-wrap\" data-name=\"lastname\"><input size=\"40\" maxlength=\"400\" class=\"wpcf7-form-control wpcf7-text wpcf7-validates-as-required input-field\" aria-required=\"true\" aria-invalid=\"false\" placeholder=\"Lastname\" value=\"\" type=\"text\" name=\"lastname\" \/><\/span>\n    <\/label>\n    <label class=\"wrap-input half-width\">\n        <span class=\"wpcf7-form-control-wrap\" data-name=\"email\"><input size=\"40\" maxlength=\"400\" class=\"wpcf7-form-control wpcf7-email wpcf7-validates-as-required wpcf7-text wpcf7-validates-as-email input-field\" aria-required=\"true\" aria-invalid=\"false\" placeholder=\"Email\" value=\"\" type=\"email\" name=\"email\" \/><\/span>\n    <\/label>\n    <label class=\"wrap-input half-width\">\n        <span class=\"wpcf7-form-control-wrap\" data-name=\"tel\"><input size=\"40\" maxlength=\"400\" class=\"wpcf7-form-control wpcf7-tel wpcf7-validates-as-required wpcf7-text wpcf7-validates-as-tel input-field\" aria-required=\"true\" aria-invalid=\"false\" placeholder=\"Phone\" value=\"\" type=\"tel\" name=\"tel\" \/><\/span>\n    <\/label>\n    <label class=\"wrap-input\">\n        <span class=\"wpcf7-form-control-wrap\" data-name=\"message\"><textarea cols=\"40\" rows=\"4\" maxlength=\"2000\" class=\"wpcf7-form-control wpcf7-textarea input-field\" aria-invalid=\"false\" placeholder=\"Message\" name=\"message\"><\/textarea><\/span>\n    <\/label>\n    <label class=\"wrap-input\">\n        <span class=\"small form-cv--title\">Resume and Cover Letter<\/span>\n        <span class=\"wpcf7-form-control-wrap\" data-name=\"files\"><input size=\"40\" class=\"wpcf7-form-control wpcf7-drag-n-drop-file d-none\" aria-required=\"true\" aria-invalid=\"false\" type=\"file\" multiple=\"multiple\" data-name=\"files\" data-type=\"pdf|doc|docx\" data-limit=\"10485760\" data-min=\"1\" data-max=\"2\" data-id=\"4175\" data-version=\"free version 1.3.9.3\" accept=\".pdf, .doc, .docx\" \/><\/span>\n    <\/label>\n    <label class=\"wrap-input\">\n        <span class=\"wpcf7-form-control-wrap\" data-name=\"acceptance\"><span class=\"wpcf7-form-control wpcf7-acceptance\"><span class=\"wpcf7-list-item\"><label><input type=\"checkbox\" name=\"acceptance\" value=\"1\" aria-invalid=\"false\" \/><span class=\"wpcf7-list-item-label\">I have read and accept the <a class=\"form-cv--acceptance-link\" href=\"https:\/\/envoletboussole.com\/en\/privacy-policy\" target=\"_blank\">Privacy Policy<\/a>.<\/span><\/label><\/span><\/span><\/span>\n    <\/label>\n    <input class=\"wpcf7-form-control wpcf7-submit has-spinner form-submit\" type=\"submit\" value=\"Submit my application\" \/>\n<\/div>\n<span class=\"wpcf7-spinner custom-wpcf7-spinner\"><\/span><div class=\"wpcf7-response-output\" aria-hidden=\"true\"><\/div>\n<\/form>\n<\/div>\n[\/vc_column][vc_column width=&#8221;1\/6&#8243; offset=&#8221;vc_col-lg-2 vc_col-md-1 vc_hidden-sm vc_hidden-xs&#8221;][\/vc_column][\/vc_row][vc_row full_width=&#8221;stretch_row_content&#8221; css_animation=&#8221;none&#8221; css=&#8221;.vc_custom_1742415432279{margin-top: 0px !important;margin-bottom: 0px !important;padding-top: 80px !important;padding-bottom: 80px !important;background-color: #E6F3F4 !important;}&#8221;][vc_column width=&#8221;1\/12&#8243; css=&#8221;.vc_custom_1742415439793{margin-top: 0px !important;padding-top: 0px !important;}&#8221; offset=&#8221;vc_col-lg-1 vc_col-md-1 vc_hidden-sm vc_hidden-xs&#8221;][\/vc_column][vc_column offset=&#8221;vc_col-lg-10 vc_col-md-10 vc_col-xs-12&#8243; css=&#8221;.vc_custom_1742480431422{padding-top: 120px !important;padding-bottom: 120px !important;background-color: #CBE7E8 !important;border-radius: 30px !important;}&#8221;][vc_row_inner][vc_column_inner width=&#8221;1\/6&#8243; offset=&#8221;vc_col-lg-2 vc_hidden-md vc_hidden-sm&#8221;][\/vc_column_inner][vc_column_inner offset=&#8221;vc_col-lg-8 vc_col-md-12&#8243;][vc_column_text css=&#8221;.vc_custom_1750215774723{margin-bottom: 20px !important;}&#8221;]<\/p>\n<h3 style=\"text-align: center;\">The team at Envol &amp; Boussole is always available to answer your questions.<\/h3>\n<p>[\/vc_column_text][\/vc_column_inner][vc_column_inner width=&#8221;1\/6&#8243; offset=&#8221;vc_col-lg-2 vc_hidden-md vc_hidden-sm&#8221;][\/vc_column_inner][\/vc_row_inner]\n<div class=\"bp-element bp-element-button  vc_custom_1750215790476 align-center  shape-round icon_alignment-left  \"   data-class-tablet=\"vc_custom_1750215790476\" data-class-mobile=\"vc_custom_1750215790476\">\n\t\n        <a class=\"btn btn-primary bp-element-hover  btn-lg \"\n           href=\"https:\/\/envoletboussole.com\/en\/contact-us\/\"\n\t\t\t style=\" color: #E6F3F4; background-color: #006E79; font-weight: 600;\"\t\t\t title='CONTACT US'           data-hover=\"color: #FFFFFF;background-color: #EF7A8E;\">\n\n\t\t\t\n            <span class=\"inner-text\">CONTACT US<\/span>\n        <\/a>\n\t<\/div>[\/vc_column][vc_column width=&#8221;1\/12&#8243; offset=&#8221;vc_col-lg-1 vc_col-md-1 vc_hidden-sm vc_hidden-xs&#8221;][\/vc_column][\/vc_row]<\/p>\n<\/div>","protected":false},"excerpt":{"rendered":"<p>[vc_row][vc_column][\/vc_column][\/vc_row][vc_row full_width=&#8221;stretch_row_content&#8221; content_placement=&#8221;middle&#8221; css=&#8221;.vc_custom_1746806004082{background-color: #FFFFFF !important;}&#8221;][vc_column width=&#8221;1\/6&#8243; offset=&#8221;vc_col-lg-2 vc_col-md-1 vc_hidden-sm vc_hidden-xs&#8221;][\/vc_column][vc_column offset=&#8221;vc_col-lg-8 vc_col-md-10 vc_col-xs-12&#8243;][vc_column_text css_animation=&#8221;fadeIn&#8221; css=&#8221;.vc_custom_1750215218201{margin-bottom: 0px !important;}&#8221;] At les&#8230;<\/p>\n","protected":false},"author":1,"featured_media":0,"parent":0,"menu_order":0,"comment_status":"closed","ping_status":"closed","template":"","meta":{"inline_featured_image":false,"footnotes":""},"class_list":["post-4152","page","type-page","status-publish","hentry"],"_links":{"self":[{"href":"https:\/\/envoletboussole.com\/en\/wp-json\/wp\/v2\/pages\/4152","targetHints":{"allow":["GET"]}}],"collection":[{"href":"https:\/\/envoletboussole.com\/en\/wp-json\/wp\/v2\/pages"}],"about":[{"href":"https:\/\/envoletboussole.com\/en\/wp-json\/wp\/v2\/types\/page"}],"author":[{"embeddable":true,"href":"https:\/\/envoletboussole.com\/en\/wp-json\/wp\/v2\/users\/1"}],"replies":[{"embeddable":true,"href":"https:\/\/envoletboussole.com\/en\/wp-json\/wp\/v2\/comments?post=4152"}],"version-history":[{"count":6,"href":"https:\/\/envoletboussole.com\/en\/wp-json\/wp\/v2\/pages\/4152\/revisions"}],"predecessor-version":[{"id":4384,"href":"https:\/\/envoletboussole.com\/en\/wp-json\/wp\/v2\/pages\/4152\/revisions\/4384"}],"wp:attachment":[{"href":"https:\/\/envoletboussole.com\/en\/wp-json\/wp\/v2\/media?parent=4152"}],"curies":[{"name":"wp","href":"https:\/\/api.w.org\/{rel}","templated":true}]}}