{"id":4144,"date":"2025-03-04T14:00:35","date_gmt":"2025-03-04T19:00:35","guid":{"rendered":"https:\/\/envoletboussole.com\/declaration-de-confidentialite\/"},"modified":"2025-06-05T10:27:45","modified_gmt":"2025-06-05T14:27:45","slug":"privacy-policy","status":"publish","type":"page","link":"https:\/\/envoletboussole.com\/en\/privacy-policy\/","title":{"rendered":"Privacy Policy"},"content":{"rendered":"\n<h1 class=\"wp-block-heading has-x-large-font-size\">D\u00e9claration de confidentialit\u00e9<\/h1>\n\n\n\n<!-- Legal document generated by Complianz | GDPR\/CCPA Cookie Consent https:\/\/wordpress.org\/plugins\/complianz-gdpr -->\n<div id=\"cmplz-document\" class=\"cmplz-document privacy-statement cmplz-document-ca\"><p><i>This privacy statement was last changed on 22 May 2025, last checked on 22 May 2025, and applies to citizens and legal permanent residents of Canada.<\/i><br \/><br \/><\/p><p>In this privacy statement, we explain what we do with the data we obtain about you via <a href=\"https:\/\/envoletboussole.com\/en\/\">https:\/\/envoletboussole.com\/en\/<\/a>. We recommend you carefully read this statement. In our processing we comply with the requirements of privacy legislation. That means, among other things, that:<ul>\n                <li>we clearly state the purposes for which we process personal data. We do this by means of this privacy statement;<\/li>\n                <li>we aim to limit our collection of personal data to only the personal data required for legitimate purposes;<\/li>\n                <li>we first request your explicit consent to process your personal data in cases requiring your consent;<\/li>\n                <li>we take appropriate security measures to protect your personal data and also require this from parties that process personal data on our behalf;<\/li>\n                <li>we respect your right to access your personal data or have it corrected or deleted, at your request.<\/li>\n            <\/ul><\/p>If you have any questions, or want to know exactly what data we keep of you, please contact us.<h2>1. Disclosure practices<\/h2><p><p>We disclose personal information if we are required by law or by a court order, in response to a law enforcement agency, to the extent permitted under other provisions of law, to provide information, or for an investigation on a matter related to public safety.<\/p><p>If our website or organisation is taken over, sold, or involved in a merger or acquisition, your details may be disclosed to our advisers and any prospective purchasers and will be passed on to the new owners.<\/p><\/p><h2>2. How we respond to Do Not Track signals &amp; Global Privacy Control <\/h2><p>Our website responds to and supports the Do Not Track (DNT) header request field. If you turn DNT on in your browser, those preferences are communicated to us in the HTTP request header, and we will not track your browsing behavior.<\/p><h2>3. Cookies<\/h2><p>Our website uses cookies. For more information about cookies, please refer to our Cookie Policy on our <a href=\"https:\/\/envoletboussole.com\/en\/politique-de-cookies\/\">Cookie Policy<\/a> webpage.&nbsp;<\/p><p>We have concluded a data Processing Agreement with Google.<\/p><p>Google may not use the data for any other Google services.<\/p><h2>4. Security<\/h2><p>We are committed to the security of personal data. We take appropriate security measures to limit abuse of and unauthorized access to personal data. This ensures that only the necessary persons have access to your data, that access to the data is protected, and that our security measures are regularly reviewed.<\/p><h2>5. Third party websites<\/h2><p>This privacy statement does not apply to third party websites connected by links on our website. We cannot guarantee that these third parties handle your personal data in a reliable or secure manner. We recommend you read the privacy statements of these websites prior to making use of these websites.<\/p><h2>6. Amendments to this privacy statement<\/h2><p>We reserve the right to make amendments to this privacy statement. It is recommended that you consult this privacy statement regularly in order to be aware of any changes. In addition, we will actively inform you wherever possible.<\/p><h2>7. Accessing and modifying your data<\/h2><p>If you have any questions or want to know which personal data we have about you, please contact us. Please make sure to always clearly state who you are, so that we can be certain that we do not modify or delete any data of the wrong person. We shall provide the requested information only upon receipt of a verifiable consumer request. You can contact us by using the information below.<\/p><p class=\"cmplz-subtitle\">7.1 You have the following rights with respect to your personal data<\/p><ol class=\"alphabetic\">\n                        <li>You may submit a request for access to the data we process about you.<\/li>\n                        <li>You may request an overview, in a commonly used format, of the data we process about you.<\/li>\n                        <li>You may request correction or deletion of the data if it is incorrect or not or no longer relevant. Where appropriate, the amended information shall be transmitted to third parties having access to the information in question.<\/li>\n                        <li>You have the right to withdraw consent at any time, subject to legal or contractual restrictions and reasonable notice. You will be informed of the implications of such withdrawal.<\/li>\n                        <li>You have the right to address a challenge concerning non-compliance with PIPEDA to our organization and, if the issue is not resolved, to the Office of the Privacy Commissioner of Canada.<\/li>\n                        <li>We shall give access to personal information in an alternative format to an individual with a sensory disability who has a right of access to personal information under PIPEDA and who requests that it be transmitted in the alternative format if (a) a version of the information already exists in that format; or (b) its conversion into that format is reasonable and necessary in order for the individual to be able to exercise rights.<\/li>\n                      <\/ol><h2>8. Children<\/h2><p>Our website is not designed to attract children and it is not our intent to collect personal data from children under the age of consent in their country of residence. We therefore request that children under the age of consent do not submit any personal data to us.<\/p><h2>9. Contact details<\/h2><p>Les Centre Envol &amp; Boussole<br \/>\n        110-4800 Richard Rd SW<br \/>\nCalgary, AB T3E 6L1<br \/>\n        Canada<br \/>\n        Website: <a href=\"https:\/\/envoletboussole.com\/en\/\">https:\/\/envoletboussole.com\/en\/<\/a> <br \/>\n        Email: <span class=\"cmplz-obfuscate\">i&#110;&#102;o@<span class=\"cmplz-fmail-domain\">&#101;x.com<\/span>&#101;nv&#111;&#108;et&#098;ous&#115;&#111;&#108;e&#046;&#099;&#111;&#109;<\/span> <br \/>\n        <br \/>\n        Phone number: 403 217-5599<\/p><h2>10. Data Requests<\/h2><p>For the most frequently submitted requests, we also offer you the possibility to use our data request form<br \/>\t\t\t<div class=\"cmplz-datarequest cmplz-alert\">\n\t\t\t\t<span class=\"cmplz-close\">&times;<\/span>\n\t\t\t\t<span id=\"cmplz-message\"><\/span>\n\t\t\t<\/div>\n\t\t\t<form id=\"cmplz-datarequest-form\">\n\t\t\t\t<input type=\"hidden\" required value=\"ca\" name=\"cmplz_datarequest_region\" id=\"cmplz_datarequest_region\" >\n\n\t\t\t\t<label for=\"cmplz_datarequest_firstname\" class=\"cmplz-first-name\">Name\t\t\t\t\t<input type=\"search\" class=\"datarequest-firstname\" value=\"\" placeholder=\"your first name\" id=\"cmplz_datarequest_firstname\" name=\"cmplz_datarequest_firstname\" >\n\t\t\t\t<\/label>\n\t\t\t\t<div>\n\t\t\t\t\t<label for=\"cmplz_datarequest_name\">Name<\/label>\n\t\t\t\t\t<input type=\"text\" required value=\"\" placeholder=\"Your name\" id=\"cmplz_datarequest_name\" name=\"cmplz_datarequest_name\">\n\t\t\t\t<\/div>\n\t\t\t\t<div>\n\t\t\t\t\t<label for=\"cmplz_datarequest_email\">Email<\/label>\n\t\t\t\t\t<input type=\"email\" required value=\"\" placeholder=\"email@email.com\" id=\"cmplz_datarequest_email\" name=\"cmplz_datarequest_email\">\n\t\t\t\t<\/div>\n\t\t\t\t\t\t\t\t\t\t<div class=\"cmplz_datarequest cmplz_datarequest_request_for_access\">\n\t\t\t\t\t\t\t<label for=\"cmplz_datarequest_request_for_access\">\n\t\t\t\t\t\t\t\t<input type=\"checkbox\" value=\"1\" name=\"cmplz_datarequest_request_for_access\" id=\"cmplz_datarequest_request_for_access\"\/>\n\t\t\t\t\t\t\t\tSubmit a request for access to the data we process about you.\t\t\t\t\t\t\t<\/label>\n\t\t\t\t\t\t<\/div>\n\t\t\t\t\t\t\t\t\t\t<div class=\"cmplz_datarequest cmplz_datarequest_right_to_be_forgotten\">\n\t\t\t\t\t\t\t<label for=\"cmplz_datarequest_right_to_be_forgotten\">\n\t\t\t\t\t\t\t\t<input type=\"checkbox\" value=\"1\" name=\"cmplz_datarequest_right_to_be_forgotten\" id=\"cmplz_datarequest_right_to_be_forgotten\"\/>\n\t\t\t\t\t\t\t\tSubmit a request for deletion of the data if it is no longer relevant.\t\t\t\t\t\t\t<\/label>\n\t\t\t\t\t\t<\/div>\n\t\t\t\t\t\t\t\t\t\t<div class=\"cmplz_datarequest cmplz_datarequest_right_to_data_portability\">\n\t\t\t\t\t\t\t<label for=\"cmplz_datarequest_right_to_data_portability\">\n\t\t\t\t\t\t\t\t<input type=\"checkbox\" value=\"1\" name=\"cmplz_datarequest_right_to_data_portability\" id=\"cmplz_datarequest_right_to_data_portability\"\/>\n\t\t\t\t\t\t\t\tSubmit a request to receive an export file of the data we process about you.\t\t\t\t\t\t\t<\/label>\n\t\t\t\t\t\t<\/div>\n\t\t\t\t\t\t\t\t<input type=\"button\" id=\"cmplz-datarequest-submit\"  value=\"Send\">\n\t\t\t<\/form>\n\n\t\t\t<style>\n\t\t\t\t\/* first-name is honeypot *\/\n\t\t\t\t.cmplz-first-name {\n\t\t\t\t\tposition: absolute !important;\n\t\t\t\t\tleft: -5000px !important;\n\t\t\t\t}\n\t\t\t<\/style>\n\t\t\t<\/p><p>We have appointed a contact person for the organization\u2019s policies and practices and to whom complaints or inquiries can be forwarded:<br \/>Les Centre Envol &amp; Boussole<br \/>110-4800 Richard Rd SW<br \/>\nCalgary, AB T3E 6L1<\/p><h2>Annex<\/h2><p><h2>WPML<\/h2><p>WPML utilise des cookies pour identifier la langue actuelle du visiteur, la derni\u00e8re langue visit\u00e9e et la langue des utilisateurs connect\u00e9s. Lorsque vous utilisez le plugin, WPML partagera des donn\u00e9es concernant le site via Installer. Aucune donn\u00e9e de l\u2019utilisateur lui-m\u00eame ne sera partag\u00e9e.<\/p><h2>Gestion de la traduction WPML<\/h2><p>La gestion de la traduction WPML enverra l\u2019adresse e-mail et le nom de chaque gestionnaire et traducteur assign\u00e9, ainsi que le contenu lui-m\u00eame, \u00e0 l\u2019\u00c9diteur de Traduction Avanc\u00e9 et aux services de traduction utilis\u00e9s.<\/p><h2>Traduction des cha\u00eenes WPML<\/h2><p>La traduction des cha\u00eenes WPML enverra toutes les cha\u00eenes \u00e0 l\u2019\u00c9diteur de Traduction Avanc\u00e9 de WPML et aux services de traduction utilis\u00e9s.<\/p><h2>WooCommerce<\/h2><p>Ce langage accessible inclut les bases sur les donn\u00e9es personnelles que votre boutique peut collecter, conserver et partager, et en plus qui peut avoir acc\u00e8s aux donn\u00e9es. En fonction de vos r\u00e9glages et quelles extensions vous utilisez, les informations partag\u00e9es peuvent varier. Nous recommandons de consulter un avocat au moment de d\u00e9cider quels information divulguer dans votre politique de confidentialit\u00e9.<\/p><p>Nous r\u00e9coltons des informations durant le processus de commande sur notre boutique.<\/p><h2>Ce que nous r\u00e9coltons et conservons<\/h2><p>Pendant que vous visitez notre site, nous suivrons:<\/p><ul><li>Produits que vous avez vus&nbsp;: permet par exemple d\u2019afficher des produits que vous avez r\u00e9cemment consult\u00e9s<\/li><li>Localisation, adresse IP et type de navigateur: nous les utilisons pour estimer les taxes et frais de livraison<\/li><li>Adresse de livraison: nous vous demanderons de la saisir pour estimer les frais de livraison avant que vous passiez une commande, et pour vous envoyer la commande!<\/li><\/ul><p>Nous utiliserons des t\u00e9moins pour suivre les contenus du panier pendant que vous naviguez sur notre site.<\/p><p>Note: vous pouvez d\u00e9tailler votre politique de t\u00e9moin et faire un lien vers cette section \u00e0 partir d\u2019ici.<\/p><p>Quand vous achetez sur notre site web, nous vous demanderons de fournir des informations incluant votre nom, adresse de facturation, adresse de livraison, adresse courriel, num\u00e9ro de t\u00e9l\u00e9phone, donn\u00e9es de paiement \/ carte bancaire et \u00e9ventuellement les donn\u00e9es du compte tel que l\u2019identifiant et le mot de passe. Ces informations seront utilis\u00e9es pour :<\/p><ul><li>Vous envoyer les informations de votre compte et votre commande<\/li><li>R\u00e9pondre \u00e0 vos demandes, incluant les remboursements et les plaintes<\/li><li>Traiter les paiements et pr\u00e9venir la fraude<\/li><li>Configurez votre compte pour notre boutique<\/li><li>Se conformer avec toute obligation l\u00e9gale, telle que le calcul des taxes<\/li><li>Am\u00e9liorer les offres de notre boutique<\/li><li>Vous envoyer des messages \u00e0 des fins promotionnelles, si vous choisissez d\u2019en recevoir<\/li><\/ul><p>Si vous cr\u00e9ez un compte, nous conserverons votre nom, adresse, adresse courriel, num\u00e9ro de t\u00e9l\u00e9phone, qui seront utilis\u00e9s pour remplir la validation de commande pour les prochaines commandes.<\/p><p>Nous conservons g\u00e9n\u00e9ralement vos informations aussi longtemps que nous en avons besoin pour l\u2019usage pour lequel nous les collectons et utilisons, et nous ne sommes pas oblig\u00e9s l\u00e9galement de continuer \u00e0 les conserver. Par exemple, nous conservons les informations de commande pour XXX ann\u00e9es pour les taxes et la comptabilit\u00e9. Ceci inclut votre nom, adresse courriel et adresses de facturation et livraison.<\/p><p>Nous conservons aussi les commentaires ou avis, si vous choisissez de les envoyer.<\/p><h2>Qui de notre \u00e9quipe a acc\u00e8s aux donn\u00e9es<\/h2><p>Les membres de notre \u00e9quipe ont acc\u00e8s aux informations que vous nous fournissez. Par exemple, les administrateurs et g\u00e9rants de boutique peuvent acc\u00e9der:<\/p><ul><li>Information de commande tel que ce qui a \u00e9t\u00e9 achet\u00e9, quand et o\u00f9 cela doit \u00eatre envoy\u00e9, et<\/li><li>Information du client tel que votre nom, adresse courriel et informations de facturation et livraison.<\/li><\/ul><p>Les membres de notre \u00e9quipe ont acc\u00e8s \u00e0 ces informations pour vous aider \u00e0 ex\u00e9cuter des commandes, traiter des remboursements et vous soutenir.<\/p><h2>Ce que nous partageons avec les autres<\/h2><p>Dans cette section, vous devez lister avec qui vous partagez des donn\u00e9es, et \u00e0 quelle fin. Ceci inclut, mais n\u2019est pas limit\u00e9 aux: statistiques, marketing, passerelles de paiement, transporteurs, et contenus provenant de tierces-parties.<\/p><p>Nous partageons des donn\u00e9es avec des tierces-parties qui nous aident \u00e0 g\u00e9rer nos commandes et services de la boutique.<\/p><h3>Paiements<\/h3><p>Dans cette section, vous pouvez lister quelles plateformes de paiements tierce-partie vous utilisez pour recevoir les paiements sur votre boutique puisque celles-ci doivent manipuler les donn\u00e9es des clients. Nous avons inclus PayPal comme exemple, mais vous devriez le supprimer si vous ne l\u2019utilisez pas.<\/p><p>Nous acceptons les paiements par PayPal. Lors du traitement des paiements, certains donn\u00e9es seront transmises \u00e0 PayPal, incluant l\u2019information requise \u00e0 l\u2019ex\u00e9cution du paiement, tel que le montant total et les informations de facturation.<\/p><p>Veuillez lire la <a href=\"https:\/\/www.paypal.com\/us\/webapps\/mpp\/ua\/privacy-full\" target=\"_blank\" rel=\"noopener\">politique de confidentialit\u00e9 de PayPal<\/a> pour plus de d\u00e9tails.<\/p><\/p><\/div>","protected":false},"excerpt":{"rendered":"<p>D\u00e9claration de confidentialit\u00e9<\/p>\n","protected":false},"author":1,"featured_media":0,"parent":0,"menu_order":0,"comment_status":"closed","ping_status":"closed","template":"","meta":{"inline_featured_image":false,"footnotes":""},"class_list":["post-4144","page","type-page","status-publish","hentry"],"_links":{"self":[{"href":"https:\/\/envoletboussole.com\/en\/wp-json\/wp\/v2\/pages\/4144","targetHints":{"allow":["GET"]}}],"collection":[{"href":"https:\/\/envoletboussole.com\/en\/wp-json\/wp\/v2\/pages"}],"about":[{"href":"https:\/\/envoletboussole.com\/en\/wp-json\/wp\/v2\/types\/page"}],"author":[{"embeddable":true,"href":"https:\/\/envoletboussole.com\/en\/wp-json\/wp\/v2\/users\/1"}],"replies":[{"embeddable":true,"href":"https:\/\/envoletboussole.com\/en\/wp-json\/wp\/v2\/comments?post=4144"}],"version-history":[{"count":1,"href":"https:\/\/envoletboussole.com\/en\/wp-json\/wp\/v2\/pages\/4144\/revisions"}],"predecessor-version":[{"id":4145,"href":"https:\/\/envoletboussole.com\/en\/wp-json\/wp\/v2\/pages\/4144\/revisions\/4145"}],"wp:attachment":[{"href":"https:\/\/envoletboussole.com\/en\/wp-json\/wp\/v2\/media?parent=4144"}],"curies":[{"name":"wp","href":"https:\/\/api.w.org\/{rel}","templated":true}]}}